{"id":25822,"date":"2021-04-30T15:00:13","date_gmt":"2021-04-30T13:00:13","guid":{"rendered":"https:\/\/www.flyttfirma-malardalen.se\/moving-company\/moving-company-kungsor\/"},"modified":"2025-01-28T09:34:36","modified_gmt":"2025-01-28T08:34:36","slug":"moving-company-kungsor","status":"publish","type":"page","link":"https:\/\/flyttfirma-malardalen.se.a5252.hemsida.eu\/en\/moving-company\/moving-company-kungsor\/","title":{"rendered":"Moving company Kungs\u00f6r"},"content":{"rendered":"","protected":false},"excerpt":{"rendered":"","protected":false},"author":10,"featured_media":25410,"parent":25729,"menu_order":1,"comment_status":"closed","ping_status":"open","template":"","meta":{"inline_featured_image":false,"footnotes":""},"class_list":["post-25822","page","type-page","status-publish","has-post-thumbnail","hentry"],"yoast_head":"<!-- This site is optimized with the Yoast SEO plugin v26.0 - https:\/\/yoast.com\/wordpress\/plugins\/seo\/ -->\n<title>A serious Moving company in Kungs\u00f6r and surroundings - Flytt &amp; St\u00e4dfix M\u00e4lardalen AB.<\/title>\n<meta name=\"description\" content=\"Leave your move to us. We help you with all aspects of the move. Affordable and professional - moving company in Kungs\u00f6r and surroundings. Insured!\" \/>\n<meta name=\"robots\" content=\"index, follow, max-snippet:-1, max-image-preview:large, max-video-preview:-1\" \/>\n<link rel=\"canonical\" href=\"https:\/\/flyttfirma-malardalen.se.a5252.hemsida.eu\/en\/moving-company\/moving-company-kungsor\/\" \/>\n<meta property=\"og:locale\" content=\"en_US\" \/>\n<meta property=\"og:type\" content=\"article\" \/>\n<meta property=\"og:title\" content=\"A serious Moving company in Kungs\u00f6r and surroundings - Flytt &amp; St\u00e4dfix M\u00e4lardalen AB.\" \/>\n<meta property=\"og:description\" content=\"Leave your move to us. We help you with all aspects of the move. Affordable and professional - moving company in Kungs\u00f6r and surroundings. Insured!\" \/>\n<meta property=\"og:url\" content=\"https:\/\/flyttfirma-malardalen.se.a5252.hemsida.eu\/en\/moving-company\/moving-company-kungsor\/\" \/>\n<meta property=\"og:site_name\" content=\"Flytt &amp; St\u00e4dfix M\u00e4lardalen AB\" \/>\n<meta property=\"article:modified_time\" content=\"2025-01-28T08:34:36+00:00\" \/>\n<meta property=\"og:image\" content=\"https:\/\/flyttfirma-malardalen.se.a5252.hemsida.eu\/uploads\/2022\/10\/flyttbilar-pavag.jpg\" \/>\n\t<meta property=\"og:image:width\" content=\"756\" \/>\n\t<meta property=\"og:image:height\" content=\"756\" \/>\n\t<meta property=\"og:image:type\" content=\"image\/jpeg\" \/>\n<meta name=\"twitter:card\" content=\"summary_large_image\" \/>\n<meta name=\"twitter:label1\" content=\"Est. reading time\" \/>\n\t<meta name=\"twitter:data1\" content=\"1 minute\" \/>\n<script type=\"application\/ld+json\" class=\"yoast-schema-graph\">{\"@context\":\"https:\/\/schema.org\",\"@graph\":[{\"@type\":\"WebPage\",\"@id\":\"https:\/\/flyttfirma-malardalen.se.a5252.hemsida.eu\/en\/moving-company\/moving-company-kungsor\/\",\"url\":\"https:\/\/flyttfirma-malardalen.se.a5252.hemsida.eu\/en\/moving-company\/moving-company-kungsor\/\",\"name\":\"A serious Moving company in Kungs\u00f6r and surroundings - Flytt & St\u00e4dfix M\u00e4lardalen AB.\",\"isPartOf\":{\"@id\":\"https:\/\/www.flyttfirma-malardalen.se\/en\/#website\"},\"primaryImageOfPage\":{\"@id\":\"https:\/\/flyttfirma-malardalen.se.a5252.hemsida.eu\/en\/moving-company\/moving-company-kungsor\/#primaryimage\"},\"image\":{\"@id\":\"https:\/\/flyttfirma-malardalen.se.a5252.hemsida.eu\/en\/moving-company\/moving-company-kungsor\/#primaryimage\"},\"thumbnailUrl\":\"https:\/\/flyttfirma-malardalen.se.a5252.hemsida.eu\/uploads\/2022\/10\/flyttbilar-pavag.jpg\",\"datePublished\":\"2021-04-30T13:00:13+00:00\",\"dateModified\":\"2025-01-28T08:34:36+00:00\",\"description\":\"Leave your move to us. We help you with all aspects of the move. Affordable and professional - moving company in Kungs\u00f6r and surroundings. Insured!\",\"breadcrumb\":{\"@id\":\"https:\/\/flyttfirma-malardalen.se.a5252.hemsida.eu\/en\/moving-company\/moving-company-kungsor\/#breadcrumb\"},\"inLanguage\":\"en-US\",\"potentialAction\":[{\"@type\":\"ReadAction\",\"target\":[\"https:\/\/flyttfirma-malardalen.se.a5252.hemsida.eu\/en\/moving-company\/moving-company-kungsor\/\"]}]},{\"@type\":\"ImageObject\",\"inLanguage\":\"en-US\",\"@id\":\"https:\/\/flyttfirma-malardalen.se.a5252.hemsida.eu\/en\/moving-company\/moving-company-kungsor\/#primaryimage\",\"url\":\"https:\/\/flyttfirma-malardalen.se.a5252.hemsida.eu\/uploads\/2022\/10\/flyttbilar-pavag.jpg\",\"contentUrl\":\"https:\/\/flyttfirma-malardalen.se.a5252.hemsida.eu\/uploads\/2022\/10\/flyttbilar-pavag.jpg\",\"width\":756,\"height\":756},{\"@type\":\"BreadcrumbList\",\"@id\":\"https:\/\/flyttfirma-malardalen.se.a5252.hemsida.eu\/en\/moving-company\/moving-company-kungsor\/#breadcrumb\",\"itemListElement\":[{\"@type\":\"ListItem\",\"position\":1,\"name\":\"Home\",\"item\":\"https:\/\/www.flyttfirma-malardalen.se\/en\/\"},{\"@type\":\"ListItem\",\"position\":2,\"name\":\"Moving company\",\"item\":\"https:\/\/www.flyttfirma-malardalen.se\/en\/moving-company\/\"},{\"@type\":\"ListItem\",\"position\":3,\"name\":\"Moving company Kungs\u00f6r\"}]},{\"@type\":\"WebSite\",\"@id\":\"https:\/\/www.flyttfirma-malardalen.se\/en\/#website\",\"url\":\"https:\/\/www.flyttfirma-malardalen.se\/en\/\",\"name\":\"Flytt & St\u00e4dfix M\u00e4lardalen AB\",\"description\":\"N\u00e4r det bara m\u00e5ste bli bra med flytten\",\"potentialAction\":[{\"@type\":\"SearchAction\",\"target\":{\"@type\":\"EntryPoint\",\"urlTemplate\":\"https:\/\/www.flyttfirma-malardalen.se\/en\/?s={search_term_string}\"},\"query-input\":{\"@type\":\"PropertyValueSpecification\",\"valueRequired\":true,\"valueName\":\"search_term_string\"}}],\"inLanguage\":\"en-US\"}]}<\/script>\n<!-- \/ Yoast SEO plugin. -->","yoast_head_json":{"title":"A serious Moving company in Kungs\u00f6r and surroundings - Flytt & St\u00e4dfix M\u00e4lardalen AB.","description":"Leave your move to us. We help you with all aspects of the move. Affordable and professional - moving company in Kungs\u00f6r and surroundings. Insured!","robots":{"index":"index","follow":"follow","max-snippet":"max-snippet:-1","max-image-preview":"max-image-preview:large","max-video-preview":"max-video-preview:-1"},"canonical":"https:\/\/flyttfirma-malardalen.se.a5252.hemsida.eu\/en\/moving-company\/moving-company-kungsor\/","og_locale":"en_US","og_type":"article","og_title":"A serious Moving company in Kungs\u00f6r and surroundings - Flytt & St\u00e4dfix M\u00e4lardalen AB.","og_description":"Leave your move to us. We help you with all aspects of the move. Affordable and professional - moving company in Kungs\u00f6r and surroundings. Insured!","og_url":"https:\/\/flyttfirma-malardalen.se.a5252.hemsida.eu\/en\/moving-company\/moving-company-kungsor\/","og_site_name":"Flytt &amp; St\u00e4dfix M\u00e4lardalen AB","article_modified_time":"2025-01-28T08:34:36+00:00","og_image":[{"width":756,"height":756,"url":"https:\/\/flyttfirma-malardalen.se.a5252.hemsida.eu\/uploads\/2022\/10\/flyttbilar-pavag.jpg","type":"image\/jpeg"}],"twitter_card":"summary_large_image","twitter_misc":{"Est. reading time":"1 minute"},"schema":{"@context":"https:\/\/schema.org","@graph":[{"@type":"WebPage","@id":"https:\/\/flyttfirma-malardalen.se.a5252.hemsida.eu\/en\/moving-company\/moving-company-kungsor\/","url":"https:\/\/flyttfirma-malardalen.se.a5252.hemsida.eu\/en\/moving-company\/moving-company-kungsor\/","name":"A serious Moving company in Kungs\u00f6r and surroundings - Flytt & St\u00e4dfix M\u00e4lardalen AB.","isPartOf":{"@id":"https:\/\/www.flyttfirma-malardalen.se\/en\/#website"},"primaryImageOfPage":{"@id":"https:\/\/flyttfirma-malardalen.se.a5252.hemsida.eu\/en\/moving-company\/moving-company-kungsor\/#primaryimage"},"image":{"@id":"https:\/\/flyttfirma-malardalen.se.a5252.hemsida.eu\/en\/moving-company\/moving-company-kungsor\/#primaryimage"},"thumbnailUrl":"https:\/\/flyttfirma-malardalen.se.a5252.hemsida.eu\/uploads\/2022\/10\/flyttbilar-pavag.jpg","datePublished":"2021-04-30T13:00:13+00:00","dateModified":"2025-01-28T08:34:36+00:00","description":"Leave your move to us. We help you with all aspects of the move. Affordable and professional - moving company in Kungs\u00f6r and surroundings. Insured!","breadcrumb":{"@id":"https:\/\/flyttfirma-malardalen.se.a5252.hemsida.eu\/en\/moving-company\/moving-company-kungsor\/#breadcrumb"},"inLanguage":"en-US","potentialAction":[{"@type":"ReadAction","target":["https:\/\/flyttfirma-malardalen.se.a5252.hemsida.eu\/en\/moving-company\/moving-company-kungsor\/"]}]},{"@type":"ImageObject","inLanguage":"en-US","@id":"https:\/\/flyttfirma-malardalen.se.a5252.hemsida.eu\/en\/moving-company\/moving-company-kungsor\/#primaryimage","url":"https:\/\/flyttfirma-malardalen.se.a5252.hemsida.eu\/uploads\/2022\/10\/flyttbilar-pavag.jpg","contentUrl":"https:\/\/flyttfirma-malardalen.se.a5252.hemsida.eu\/uploads\/2022\/10\/flyttbilar-pavag.jpg","width":756,"height":756},{"@type":"BreadcrumbList","@id":"https:\/\/flyttfirma-malardalen.se.a5252.hemsida.eu\/en\/moving-company\/moving-company-kungsor\/#breadcrumb","itemListElement":[{"@type":"ListItem","position":1,"name":"Home","item":"https:\/\/www.flyttfirma-malardalen.se\/en\/"},{"@type":"ListItem","position":2,"name":"Moving company","item":"https:\/\/www.flyttfirma-malardalen.se\/en\/moving-company\/"},{"@type":"ListItem","position":3,"name":"Moving company Kungs\u00f6r"}]},{"@type":"WebSite","@id":"https:\/\/www.flyttfirma-malardalen.se\/en\/#website","url":"https:\/\/www.flyttfirma-malardalen.se\/en\/","name":"Flytt & St\u00e4dfix M\u00e4lardalen AB","description":"N\u00e4r det bara m\u00e5ste bli bra med flytten","potentialAction":[{"@type":"SearchAction","target":{"@type":"EntryPoint","urlTemplate":"https:\/\/www.flyttfirma-malardalen.se\/en\/?s={search_term_string}"},"query-input":{"@type":"PropertyValueSpecification","valueRequired":true,"valueName":"search_term_string"}}],"inLanguage":"en-US"}]}},"_links":{"self":[{"href":"https:\/\/flyttfirma-malardalen.se.a5252.hemsida.eu\/en\/wp-json\/wp\/v2\/pages\/25822","targetHints":{"allow":["GET"]}}],"collection":[{"href":"https:\/\/flyttfirma-malardalen.se.a5252.hemsida.eu\/en\/wp-json\/wp\/v2\/pages"}],"about":[{"href":"https:\/\/flyttfirma-malardalen.se.a5252.hemsida.eu\/en\/wp-json\/wp\/v2\/types\/page"}],"author":[{"embeddable":true,"href":"https:\/\/flyttfirma-malardalen.se.a5252.hemsida.eu\/en\/wp-json\/wp\/v2\/users\/10"}],"replies":[{"embeddable":true,"href":"https:\/\/flyttfirma-malardalen.se.a5252.hemsida.eu\/en\/wp-json\/wp\/v2\/comments?post=25822"}],"version-history":[{"count":2,"href":"https:\/\/flyttfirma-malardalen.se.a5252.hemsida.eu\/en\/wp-json\/wp\/v2\/pages\/25822\/revisions"}],"predecessor-version":[{"id":26934,"href":"https:\/\/flyttfirma-malardalen.se.a5252.hemsida.eu\/en\/wp-json\/wp\/v2\/pages\/25822\/revisions\/26934"}],"up":[{"embeddable":true,"href":"https:\/\/flyttfirma-malardalen.se.a5252.hemsida.eu\/en\/wp-json\/wp\/v2\/pages\/25729"}],"wp:featuredmedia":[{"embeddable":true,"href":"https:\/\/flyttfirma-malardalen.se.a5252.hemsida.eu\/en\/wp-json\/wp\/v2\/media\/25410"}],"wp:attachment":[{"href":"https:\/\/flyttfirma-malardalen.se.a5252.hemsida.eu\/en\/wp-json\/wp\/v2\/media?parent=25822"}],"curies":[{"name":"wp","href":"https:\/\/api.w.org\/{rel}","templated":true}]}}