{"id":25789,"date":"2021-07-12T11:56:01","date_gmt":"2021-07-12T09:56:01","guid":{"rendered":"https:\/\/www.flyttfirma-malardalen.se\/moving-company\/moving-company-helsingborg\/"},"modified":"2025-01-28T09:26:09","modified_gmt":"2025-01-28T08:26:09","slug":"moving-company-helsingborg","status":"publish","type":"page","link":"https:\/\/flyttfirma-malardalen.se.a5252.hemsida.eu\/en\/moving-company\/moving-company-helsingborg\/","title":{"rendered":"Moving company Helsingborg"},"content":{"rendered":"","protected":false},"excerpt":{"rendered":"","protected":false},"author":10,"featured_media":25395,"parent":25729,"menu_order":1,"comment_status":"closed","ping_status":"open","template":"","meta":{"inline_featured_image":false,"footnotes":""},"class_list":["post-25789","page","type-page","status-publish","has-post-thumbnail","hentry"],"yoast_head":"<!-- This site is optimized with the Yoast SEO plugin v26.0 - https:\/\/yoast.com\/wordpress\/plugins\/seo\/ -->\n<title>Moving company Helsingborg - Flytt &amp; St\u00e4dfix M\u00e4lardalen AB<\/title>\n<meta name=\"description\" content=\"We solve the move across the country! Moving company Helsingborg. Easy to get a price. Insurance and traffic permits. Professionals. Good reviews. Welcome!\" \/>\n<meta name=\"robots\" content=\"index, follow, max-snippet:-1, max-image-preview:large, max-video-preview:-1\" \/>\n<link rel=\"canonical\" href=\"https:\/\/www.flyttfirma-malardalen.se\/en\/moving-company\/moving-company-helsingborg\/\" \/>\n<meta property=\"og:locale\" content=\"en_US\" \/>\n<meta property=\"og:type\" content=\"article\" \/>\n<meta property=\"og:title\" content=\"Moving company Helsingborg - Flytt &amp; St\u00e4dfix M\u00e4lardalen AB\" \/>\n<meta property=\"og:description\" content=\"We solve the move across the country! Moving company Helsingborg. Easy to get a price. Insurance and traffic permits. Professionals. Good reviews. Welcome!\" \/>\n<meta property=\"og:url\" content=\"https:\/\/www.flyttfirma-malardalen.se\/en\/moving-company\/moving-company-helsingborg\/\" \/>\n<meta property=\"og:site_name\" content=\"Flytt &amp; St\u00e4dfix M\u00e4lardalen AB\" \/>\n<meta property=\"article:modified_time\" content=\"2025-01-28T08:26:09+00:00\" \/>\n<meta property=\"og:image\" content=\"https:\/\/www.flyttfirma-malardalen.se\/uploads\/2022\/10\/flyttbil-parkerad-1.jpg\" \/>\n\t<meta property=\"og:image:width\" content=\"1024\" \/>\n\t<meta property=\"og:image:height\" content=\"1024\" \/>\n\t<meta property=\"og:image:type\" content=\"image\/jpeg\" \/>\n<meta name=\"twitter:card\" content=\"summary_large_image\" \/>\n<meta name=\"twitter:label1\" content=\"Est. reading time\" \/>\n\t<meta name=\"twitter:data1\" content=\"1 minute\" \/>\n<script type=\"application\/ld+json\" class=\"yoast-schema-graph\">{\"@context\":\"https:\/\/schema.org\",\"@graph\":[{\"@type\":\"WebPage\",\"@id\":\"https:\/\/www.flyttfirma-malardalen.se\/en\/moving-company\/moving-company-helsingborg\/\",\"url\":\"https:\/\/www.flyttfirma-malardalen.se\/en\/moving-company\/moving-company-helsingborg\/\",\"name\":\"Moving company Helsingborg - Flytt & St\u00e4dfix M\u00e4lardalen AB\",\"isPartOf\":{\"@id\":\"https:\/\/www.flyttfirma-malardalen.se\/en\/#website\"},\"primaryImageOfPage\":{\"@id\":\"https:\/\/www.flyttfirma-malardalen.se\/en\/moving-company\/moving-company-helsingborg\/#primaryimage\"},\"image\":{\"@id\":\"https:\/\/www.flyttfirma-malardalen.se\/en\/moving-company\/moving-company-helsingborg\/#primaryimage\"},\"thumbnailUrl\":\"https:\/\/flyttfirma-malardalen.se.a5252.hemsida.eu\/uploads\/2022\/10\/flyttbil-parkerad-1.jpg\",\"datePublished\":\"2021-07-12T09:56:01+00:00\",\"dateModified\":\"2025-01-28T08:26:09+00:00\",\"description\":\"We solve the move across the country! Moving company Helsingborg. Easy to get a price. Insurance and traffic permits. Professionals. Good reviews. Welcome!\",\"breadcrumb\":{\"@id\":\"https:\/\/www.flyttfirma-malardalen.se\/en\/moving-company\/moving-company-helsingborg\/#breadcrumb\"},\"inLanguage\":\"en-US\",\"potentialAction\":[{\"@type\":\"ReadAction\",\"target\":[\"https:\/\/www.flyttfirma-malardalen.se\/en\/moving-company\/moving-company-helsingborg\/\"]}]},{\"@type\":\"ImageObject\",\"inLanguage\":\"en-US\",\"@id\":\"https:\/\/www.flyttfirma-malardalen.se\/en\/moving-company\/moving-company-helsingborg\/#primaryimage\",\"url\":\"https:\/\/flyttfirma-malardalen.se.a5252.hemsida.eu\/uploads\/2022\/10\/flyttbil-parkerad-1.jpg\",\"contentUrl\":\"https:\/\/flyttfirma-malardalen.se.a5252.hemsida.eu\/uploads\/2022\/10\/flyttbil-parkerad-1.jpg\",\"width\":1024,\"height\":1024},{\"@type\":\"BreadcrumbList\",\"@id\":\"https:\/\/www.flyttfirma-malardalen.se\/en\/moving-company\/moving-company-helsingborg\/#breadcrumb\",\"itemListElement\":[{\"@type\":\"ListItem\",\"position\":1,\"name\":\"Home\",\"item\":\"https:\/\/www.flyttfirma-malardalen.se\/en\/\"},{\"@type\":\"ListItem\",\"position\":2,\"name\":\"Moving company\",\"item\":\"https:\/\/www.flyttfirma-malardalen.se\/en\/moving-company\/\"},{\"@type\":\"ListItem\",\"position\":3,\"name\":\"Moving company Helsingborg\"}]},{\"@type\":\"WebSite\",\"@id\":\"https:\/\/www.flyttfirma-malardalen.se\/en\/#website\",\"url\":\"https:\/\/www.flyttfirma-malardalen.se\/en\/\",\"name\":\"Flytt & St\u00e4dfix M\u00e4lardalen AB\",\"description\":\"N\u00e4r det bara m\u00e5ste bli bra med flytten\",\"potentialAction\":[{\"@type\":\"SearchAction\",\"target\":{\"@type\":\"EntryPoint\",\"urlTemplate\":\"https:\/\/www.flyttfirma-malardalen.se\/en\/?s={search_term_string}\"},\"query-input\":{\"@type\":\"PropertyValueSpecification\",\"valueRequired\":true,\"valueName\":\"search_term_string\"}}],\"inLanguage\":\"en-US\"}]}<\/script>\n<!-- \/ Yoast SEO plugin. -->","yoast_head_json":{"title":"Moving company Helsingborg - Flytt & St\u00e4dfix M\u00e4lardalen AB","description":"We solve the move across the country! Moving company Helsingborg. Easy to get a price. Insurance and traffic permits. Professionals. Good reviews. Welcome!","robots":{"index":"index","follow":"follow","max-snippet":"max-snippet:-1","max-image-preview":"max-image-preview:large","max-video-preview":"max-video-preview:-1"},"canonical":"https:\/\/www.flyttfirma-malardalen.se\/en\/moving-company\/moving-company-helsingborg\/","og_locale":"en_US","og_type":"article","og_title":"Moving company Helsingborg - Flytt & St\u00e4dfix M\u00e4lardalen AB","og_description":"We solve the move across the country! Moving company Helsingborg. Easy to get a price. Insurance and traffic permits. Professionals. Good reviews. Welcome!","og_url":"https:\/\/www.flyttfirma-malardalen.se\/en\/moving-company\/moving-company-helsingborg\/","og_site_name":"Flytt &amp; St\u00e4dfix M\u00e4lardalen AB","article_modified_time":"2025-01-28T08:26:09+00:00","og_image":[{"width":1024,"height":1024,"url":"https:\/\/www.flyttfirma-malardalen.se\/uploads\/2022\/10\/flyttbil-parkerad-1.jpg","type":"image\/jpeg"}],"twitter_card":"summary_large_image","twitter_misc":{"Est. reading time":"1 minute"},"schema":{"@context":"https:\/\/schema.org","@graph":[{"@type":"WebPage","@id":"https:\/\/www.flyttfirma-malardalen.se\/en\/moving-company\/moving-company-helsingborg\/","url":"https:\/\/www.flyttfirma-malardalen.se\/en\/moving-company\/moving-company-helsingborg\/","name":"Moving company Helsingborg - Flytt & St\u00e4dfix M\u00e4lardalen AB","isPartOf":{"@id":"https:\/\/www.flyttfirma-malardalen.se\/en\/#website"},"primaryImageOfPage":{"@id":"https:\/\/www.flyttfirma-malardalen.se\/en\/moving-company\/moving-company-helsingborg\/#primaryimage"},"image":{"@id":"https:\/\/www.flyttfirma-malardalen.se\/en\/moving-company\/moving-company-helsingborg\/#primaryimage"},"thumbnailUrl":"https:\/\/flyttfirma-malardalen.se.a5252.hemsida.eu\/uploads\/2022\/10\/flyttbil-parkerad-1.jpg","datePublished":"2021-07-12T09:56:01+00:00","dateModified":"2025-01-28T08:26:09+00:00","description":"We solve the move across the country! Moving company Helsingborg. Easy to get a price. Insurance and traffic permits. Professionals. Good reviews. Welcome!","breadcrumb":{"@id":"https:\/\/www.flyttfirma-malardalen.se\/en\/moving-company\/moving-company-helsingborg\/#breadcrumb"},"inLanguage":"en-US","potentialAction":[{"@type":"ReadAction","target":["https:\/\/www.flyttfirma-malardalen.se\/en\/moving-company\/moving-company-helsingborg\/"]}]},{"@type":"ImageObject","inLanguage":"en-US","@id":"https:\/\/www.flyttfirma-malardalen.se\/en\/moving-company\/moving-company-helsingborg\/#primaryimage","url":"https:\/\/flyttfirma-malardalen.se.a5252.hemsida.eu\/uploads\/2022\/10\/flyttbil-parkerad-1.jpg","contentUrl":"https:\/\/flyttfirma-malardalen.se.a5252.hemsida.eu\/uploads\/2022\/10\/flyttbil-parkerad-1.jpg","width":1024,"height":1024},{"@type":"BreadcrumbList","@id":"https:\/\/www.flyttfirma-malardalen.se\/en\/moving-company\/moving-company-helsingborg\/#breadcrumb","itemListElement":[{"@type":"ListItem","position":1,"name":"Home","item":"https:\/\/www.flyttfirma-malardalen.se\/en\/"},{"@type":"ListItem","position":2,"name":"Moving company","item":"https:\/\/www.flyttfirma-malardalen.se\/en\/moving-company\/"},{"@type":"ListItem","position":3,"name":"Moving company Helsingborg"}]},{"@type":"WebSite","@id":"https:\/\/www.flyttfirma-malardalen.se\/en\/#website","url":"https:\/\/www.flyttfirma-malardalen.se\/en\/","name":"Flytt & St\u00e4dfix M\u00e4lardalen AB","description":"N\u00e4r det bara m\u00e5ste bli bra med flytten","potentialAction":[{"@type":"SearchAction","target":{"@type":"EntryPoint","urlTemplate":"https:\/\/www.flyttfirma-malardalen.se\/en\/?s={search_term_string}"},"query-input":{"@type":"PropertyValueSpecification","valueRequired":true,"valueName":"search_term_string"}}],"inLanguage":"en-US"}]}},"_links":{"self":[{"href":"https:\/\/flyttfirma-malardalen.se.a5252.hemsida.eu\/en\/wp-json\/wp\/v2\/pages\/25789","targetHints":{"allow":["GET"]}}],"collection":[{"href":"https:\/\/flyttfirma-malardalen.se.a5252.hemsida.eu\/en\/wp-json\/wp\/v2\/pages"}],"about":[{"href":"https:\/\/flyttfirma-malardalen.se.a5252.hemsida.eu\/en\/wp-json\/wp\/v2\/types\/page"}],"author":[{"embeddable":true,"href":"https:\/\/flyttfirma-malardalen.se.a5252.hemsida.eu\/en\/wp-json\/wp\/v2\/users\/10"}],"replies":[{"embeddable":true,"href":"https:\/\/flyttfirma-malardalen.se.a5252.hemsida.eu\/en\/wp-json\/wp\/v2\/comments?post=25789"}],"version-history":[{"count":2,"href":"https:\/\/flyttfirma-malardalen.se.a5252.hemsida.eu\/en\/wp-json\/wp\/v2\/pages\/25789\/revisions"}],"predecessor-version":[{"id":26919,"href":"https:\/\/flyttfirma-malardalen.se.a5252.hemsida.eu\/en\/wp-json\/wp\/v2\/pages\/25789\/revisions\/26919"}],"up":[{"embeddable":true,"href":"https:\/\/flyttfirma-malardalen.se.a5252.hemsida.eu\/en\/wp-json\/wp\/v2\/pages\/25729"}],"wp:featuredmedia":[{"embeddable":true,"href":"https:\/\/flyttfirma-malardalen.se.a5252.hemsida.eu\/en\/wp-json\/wp\/v2\/media\/25395"}],"wp:attachment":[{"href":"https:\/\/flyttfirma-malardalen.se.a5252.hemsida.eu\/en\/wp-json\/wp\/v2\/media?parent=25789"}],"curies":[{"name":"wp","href":"https:\/\/api.w.org\/{rel}","templated":true}]}}